{"id":88,"date":"2024-12-01T17:49:59","date_gmt":"2024-12-01T17:49:59","guid":{"rendered":"https:\/\/mari-alma.nl\/?page_id=88"},"modified":"2025-03-18T20:00:16","modified_gmt":"2025-03-18T20:00:16","slug":"ontspannings-massage","status":"publish","type":"page","link":"https:\/\/mari-alma.nl\/index.php\/ontspannings-massage\/","title":{"rendered":"Ontspannings Massage"},"content":{"rendered":"\t\t<div data-elementor-type=\"wp-page\" data-elementor-id=\"88\" class=\"elementor elementor-88\" data-elementor-post-type=\"page\">\n\t\t\t\t<div class=\"elementor-element elementor-element-cf0d65d e-flex e-con-boxed e-con e-parent\" data-id=\"cf0d65d\" data-element_type=\"container\">\n\t\t\t\t\t<div class=\"e-con-inner\">\n\t\t<div class=\"elementor-element elementor-element-403df36 e-con-full e-flex e-con e-child\" data-id=\"403df36\" data-element_type=\"container\">\n\t\t\t\t<div class=\"elementor-element elementor-element-da0b97f elementor-widget elementor-widget-text-editor\" data-id=\"da0b97f\" data-element_type=\"widget\" data-widget_type=\"text-editor.default\">\n\t\t\t\t<div class=\"elementor-widget-container\">\n\t\t\t\t\t\t\t\t\t<h6>Een ontspanningsmassage is een type massage dat gericht is op het verminderen van stress en spanning in het lichaam, en het bevorderen van ontspanning en welzijn. Het doel van deze massage is om de spieren te ontspannen, de bloedcirculatie te verbeteren en de geest tot rust te brengen.<\/h6><h6>Ontspanningsmassage wordt vaak gebruikt om stress te verlichten, spierpijn te verminderen en een algemeen gevoel van rust en welzijn te cre\u00ebren.<\/h6><h6>Hier breng ik u in a plek waar rust gevoeld mag worden. ik geef voral aandacht aan de betreffende delen van u lichaam waar u jjuist het meest onstapping wilt gaan voelen. De duur is van 60 minuten tot 120min. Fullbody duur meestal 2 uur, en het is zeer aangeraden gezien het gehele lichaam v\u00f3\u00f3r en achter meegenomen word. Vergeet ook niet dat het lichaam als \u00e9\u00e9n geheel functioneerd, dus geeft u zelf kado om juist volledig onstpannen te mogen worden.\u00a0<\/h6>\t\t\t\t\t\t\t\t<\/div>\n\t\t\t\t<\/div>\n\t\t\t\t<\/div>\n\t\t<div class=\"elementor-element elementor-element-38ed5e3 e-con-full e-flex e-con e-child\" data-id=\"38ed5e3\" data-element_type=\"container\">\n\t\t\t\t<div class=\"elementor-element elementor-element-bbd7aa9 elementor-widget elementor-widget-image\" data-id=\"bbd7aa9\" data-element_type=\"widget\" data-widget_type=\"image.default\">\n\t\t\t\t<div class=\"elementor-widget-container\">\n\t\t\t\t\t\t\t\t\t\t\t\t\t\t\t<img fetchpriority=\"high\" decoding=\"async\" width=\"500\" height=\"500\" src=\"https:\/\/mari-alma.nl\/wp-content\/uploads\/2024\/12\/Loving-Soul.png\" class=\"attachment-large size-large wp-image-108\" alt=\"\" srcset=\"https:\/\/mari-alma.nl\/wp-content\/uploads\/2024\/12\/Loving-Soul.png 500w, https:\/\/mari-alma.nl\/wp-content\/uploads\/2024\/12\/Loving-Soul-300x300.png 300w, https:\/\/mari-alma.nl\/wp-content\/uploads\/2024\/12\/Loving-Soul-150x150.png 150w\" sizes=\"(max-width: 500px) 100vw, 500px\" \/>\t\t\t\t\t\t\t\t\t\t\t\t\t\t\t<\/div>\n\t\t\t\t<\/div>\n\t\t\t\t<div class=\"elementor-element elementor-element-e15d600 elementor-widget elementor-widget-text-editor\" data-id=\"e15d600\" data-element_type=\"widget\" data-widget_type=\"text-editor.default\">\n\t\t\t\t<div class=\"elementor-widget-container\">\n\t\t\t\t\t\t\t\t\t<h6>Prijzen:<\/h6><h6>1 uur: \u20ac75<br \/>1,5 uur: \u20ac112.50<br \/>2 uur: \u20ac150<\/h6>\t\t\t\t\t\t\t\t<\/div>\n\t\t\t\t<\/div>\n\t\t\t\t<\/div>\n\t\t\t\t\t<\/div>\n\t\t\t\t<\/div>\n\t\t\t\t<\/div>\n\t\t","protected":false},"excerpt":{"rendered":"<p>Een ontspanningsmassage is een type massage dat gericht is op het verminderen van stress en spanning in het lichaam, en het bevorderen van ontspanning en welzijn. Het doel van deze massage is om de spieren te ontspannen, de bloedcirculatie te verbeteren en de geest tot rust te brengen. Ontspanningsmassage wordt vaak gebruikt om stress te [&hellip;]<\/p>\n","protected":false},"author":1,"featured_media":0,"parent":0,"menu_order":0,"comment_status":"closed","ping_status":"closed","template":"","meta":{"footnotes":""},"class_list":["post-88","page","type-page","status-publish","hentry"],"_links":{"self":[{"href":"https:\/\/mari-alma.nl\/index.php\/wp-json\/wp\/v2\/pages\/88","targetHints":{"allow":["GET"]}}],"collection":[{"href":"https:\/\/mari-alma.nl\/index.php\/wp-json\/wp\/v2\/pages"}],"about":[{"href":"https:\/\/mari-alma.nl\/index.php\/wp-json\/wp\/v2\/types\/page"}],"author":[{"embeddable":true,"href":"https:\/\/mari-alma.nl\/index.php\/wp-json\/wp\/v2\/users\/1"}],"replies":[{"embeddable":true,"href":"https:\/\/mari-alma.nl\/index.php\/wp-json\/wp\/v2\/comments?post=88"}],"version-history":[{"count":10,"href":"https:\/\/mari-alma.nl\/index.php\/wp-json\/wp\/v2\/pages\/88\/revisions"}],"predecessor-version":[{"id":187,"href":"https:\/\/mari-alma.nl\/index.php\/wp-json\/wp\/v2\/pages\/88\/revisions\/187"}],"wp:attachment":[{"href":"https:\/\/mari-alma.nl\/index.php\/wp-json\/wp\/v2\/media?parent=88"}],"curies":[{"name":"wp","href":"https:\/\/api.w.org\/{rel}","templated":true}]}}